{"id":288,"date":"2024-01-20T00:01:27","date_gmt":"2024-01-20T00:01:27","guid":{"rendered":"http:\/\/vivianbardavid.com\/?page_id=288"},"modified":"2024-11-14T22:38:09","modified_gmt":"2024-11-14T22:38:09","slug":"rocio-camarillo","status":"publish","type":"page","link":"http:\/\/vivianbardavid.com\/?page_id=288","title":{"rendered":"Roc\u00edo Camarillo"},"content":{"rendered":"\n<div class=\"wp-block-group alignfull has-background is-vertical is-content-justification-center is-layout-flex wp-container-core-group-is-layout-623b1cb9 wp-block-group-is-layout-flex\" style=\"background-color:#f4f4fd;min-height:100vh;margin-top:0;margin-bottom:0;padding-top:var(--wp--preset--spacing--60);padding-right:var(--wp--preset--spacing--50);padding-bottom:var(--wp--preset--spacing--60);padding-left:var(--wp--preset--spacing--50)\">\n<h2 class=\"wp-block-heading has-text-color has-link-color wp-elements-07ccfbaa262e6906ac09036962375bbe\" style=\"color:#8d85ae\">Roc\u00edo Camarillo<\/h2>\n\n\n\n<p style=\"padding-right:var(--wp--preset--spacing--30);padding-left:var(--wp--preset--spacing--30)\">Conoc\u00ed a la Licenciada Vivian hace ya varios a\u00f1os. Todo comenz\u00f3 como un trabajo personalizado de confecci\u00f3n de su ropa, y conforme pasaba el tiempo se fue volviendo m\u00e1s cercana la relaci\u00f3n. Muchas veces me pon\u00eda retos y no aceptaba un &#8220;no&#8221; por respuesta y para mi sorpresa siempre consegu\u00eda algo que le agradaba; no sabia que ella lo hac\u00eda para mi desarrollo y crecimiento personal.<\/p>\n\n\n\n<p style=\"padding-right:var(--wp--preset--spacing--30);padding-left:var(--wp--preset--spacing--30)\">As\u00ed aprend\u00ed a abrirme a la posibilidad de mejorar constantemente. Ella ve\u00eda mi potencial y de esa forma me ayudaba a descubrirme. No era alguien que me tratara de convencer que pod\u00eda, me hacia vivir que podia sin decirlo.<\/p>\n\n\n\n<p style=\"padding-right:var(--wp--preset--spacing--30);padding-left:var(--wp--preset--spacing--30)\">Una mujer muy comprometida con lo que hiciera y tambi\u00e9n con el pr\u00f3jimo. Un d\u00eda estando con ella tuve un contratiempo de salud y me dedico su tiempo como si no tuviera otra cosa m\u00e1s importante que mi bienestar; incluso contact\u00f3 personalmente a su doctor y posteriormente se aseguro que me estaba atendiendo. Sumamente generosa, jam\u00e1s sal\u00ed de su casa con las manos vac\u00edas; nunca me hizo esperar o sentir que nuestra cita no era importante; por el contrario, dedicaba todo su tiempo&nbsp; atenci\u00f3n y cuidado a la cita en cuesti\u00f3n.<\/p>\n\n\n\n<p style=\"padding-right:var(--wp--preset--spacing--30);padding-left:var(--wp--preset--spacing--30)\">Nunca he conocido a alguien que re\u00fana tantas cualidades. Fue cuidadosa, detallista y amorosa siempre conmigo y la llevo en mis pensamientos y mi coraz\u00f3n con mucho cari\u00f1o.<\/p>\n\n\n\n<p class=\"has-text-align-right\">Roc\u00edo Camarillo<\/p>\n\n\n\n<div class=\"wp-block-group has-global-padding is-layout-constrained wp-block-group-is-layout-constrained\">\n<div style=\"height:var(--wp--preset--spacing--10)\" aria-hidden=\"true\" class=\"wp-block-spacer\"><\/div>\n\n\n\n<div style=\"height:var(--wp--preset--spacing--10)\" aria-hidden=\"true\" class=\"wp-block-spacer\"><\/div>\n\n\n\n<div class=\"wp-block-buttons is-content-justification-center is-layout-flex wp-container-core-buttons-is-layout-a89b3969 wp-block-buttons-is-layout-flex\"><\/div>\n<\/div>\n<\/div>\n","protected":false},"excerpt":{"rendered":"<p>Roc\u00edo Camarillo Conoc\u00ed a la Licenciada Vivian hace ya varios a\u00f1os. Todo comenz\u00f3 como un trabajo personalizado de confecci\u00f3n de su ropa, y conforme pasaba el tiempo se fue volviendo m\u00e1s cercana la relaci\u00f3n. Muchas veces me pon\u00eda retos y no aceptaba un &#8220;no&#8221; por respuesta y para mi sorpresa siempre consegu\u00eda algo que le [&hellip;]<\/p>\n","protected":false},"author":1,"featured_media":0,"parent":0,"menu_order":0,"comment_status":"closed","ping_status":"closed","template":"","meta":{"footnotes":""},"class_list":["post-288","page","type-page","status-publish","hentry"],"_links":{"self":[{"href":"http:\/\/vivianbardavid.com\/index.php?rest_route=\/wp\/v2\/pages\/288","targetHints":{"allow":["GET"]}}],"collection":[{"href":"http:\/\/vivianbardavid.com\/index.php?rest_route=\/wp\/v2\/pages"}],"about":[{"href":"http:\/\/vivianbardavid.com\/index.php?rest_route=\/wp\/v2\/types\/page"}],"author":[{"embeddable":true,"href":"http:\/\/vivianbardavid.com\/index.php?rest_route=\/wp\/v2\/users\/1"}],"replies":[{"embeddable":true,"href":"http:\/\/vivianbardavid.com\/index.php?rest_route=%2Fwp%2Fv2%2Fcomments&post=288"}],"version-history":[{"count":5,"href":"http:\/\/vivianbardavid.com\/index.php?rest_route=\/wp\/v2\/pages\/288\/revisions"}],"predecessor-version":[{"id":804,"href":"http:\/\/vivianbardavid.com\/index.php?rest_route=\/wp\/v2\/pages\/288\/revisions\/804"}],"wp:attachment":[{"href":"http:\/\/vivianbardavid.com\/index.php?rest_route=%2Fwp%2Fv2%2Fmedia&parent=288"}],"curies":[{"name":"wp","href":"https:\/\/api.w.org\/{rel}","templated":true}]}}