{"id":294,"date":"2024-01-20T00:02:33","date_gmt":"2024-01-20T00:02:33","guid":{"rendered":"http:\/\/vivianbardavid.com\/?page_id=294"},"modified":"2024-11-14T22:35:45","modified_gmt":"2024-11-14T22:35:45","slug":"diana-curiel","status":"publish","type":"page","link":"http:\/\/vivianbardavid.com\/?page_id=294","title":{"rendered":"Diana Curiel"},"content":{"rendered":"\n<div class=\"wp-block-group alignfull has-background is-vertical is-content-justification-center is-layout-flex wp-container-core-group-is-layout-623b1cb9 wp-block-group-is-layout-flex\" style=\"background-color:#f4f4fd;min-height:100vh;margin-top:0;margin-bottom:0;padding-top:var(--wp--preset--spacing--60);padding-right:var(--wp--preset--spacing--50);padding-bottom:var(--wp--preset--spacing--60);padding-left:var(--wp--preset--spacing--50)\">\n<div class=\"wp-block-group has-global-padding is-layout-constrained wp-block-group-is-layout-constrained\">\n<h2 class=\"wp-block-heading has-text-align-center has-text-color has-link-color wp-elements-d8aac303e5e22a10996b6d5a4af572eb\" style=\"color:#8d85ae\">Diana Curiel<\/h2>\n\n\n\n<p>\u2026\u2026 Y de repente, en esa cafeter\u00eda tan peque\u00f1a v\u00ed tus ojos tan vivaces y hermosos que me sonre\u00edan de una manera muy familiar.&nbsp; Te pregunt\u00e9 si estabas sola, que si quer\u00edas sentarte conmigo, y desde ese momento surgi\u00f3 una amistad que durar\u00eda hasta el d\u00eda de hoy. Me abrazaste con esa energ\u00eda vertiginosa que te caracterizaba. No hab\u00eda obst\u00e1culo para ning\u00fan proyecto que se nos ocurriera ni meta que fuera inalcanzable. No falt\u00f3 nunca un detalle especial en nuestros maravillosos encuentros llenos de nuevas ideas y proyectos. Cada vez me sorprend\u00eda m\u00e1s tu compromiso y tu alcance\u2026encontraste siempre la forma de llegar, conectar, aprender, descubrir y organizar todo con tanto cuidado y amor. Siempre impecable y con tu hermosa sonrisa me platicabas con sencillez la cantidad tan inmensa de cosas que tu hac\u00edas\u2026.bienes ra\u00edces,&nbsp; Rotary Club, tu familia que cuidaste con tanto esmero y desde hace relativamente poco tiempo The American Society que por supuesto revolucionaste con tu creatividad y entusiasmo. Lo m\u00e1s lindo era escucharte hablar de tu Jackie adorado\u2026cada vez que pensabas en \u00e9l te sonrojabas y te brillaban tus lindos ojos.<\/p>\n\n\n\n<p>Recuerdo que alg\u00fan d\u00eda te mencion\u00e9 que me iba de viaje con mis hijas a NY, y me mandaste un cuadernito con tus recomendaciones escritas con tu preciosa letra, a\u00fan lo conservo. Igualmente atesoro haberte presentado con Evangelina Elizondo. Nadie m\u00e1s que t\u00fa hubiera podido acomodar su propiedad que ya ten\u00eda tiempo en el mercado como t\u00fa lo hiciste, y de all\u00ed la amistad que compartimos las tres en maravillosos encuentros, y un proyecto en el que cada detalle lo cuidaste y sali\u00f3 adelante gracias a tu apoyo incondicional.<\/p>\n\n\n\n<p>Para coronar todo esto, nuestras queridas Madres se volvieron las mejores amigas. Recuerdo nuestra preocupaci\u00f3n por las travesuras que hac\u00edan!!!<\/p>\n\n\n\n<p>Vivi querida\u2026. Sigo sin poder creer que no est\u00e1s aqu\u00ed f\u00edsicamente\u2026. Estoy escribiendo esto y siento la emoci\u00f3n de las notitas y canciones que compart\u00edamos. Tengo una muy presente que sent\u00ed desde que me la compartiste que hablaba de ti, \u201cYou raise me up\u201d<\/p>\n\n\n\n<figure class=\"wp-block-embed is-type-video is-provider-youtube wp-block-embed-youtube wp-embed-aspect-16-9 wp-has-aspect-ratio\"><div class=\"wp-block-embed__wrapper\">\n<iframe loading=\"lazy\" title=\"Josh Groban - You Raise Me Up (Official Music Video) [HD Remaster]\" width=\"500\" height=\"281\" src=\"https:\/\/www.youtube.com\/embed\/aJxrX42WcjQ?feature=oembed\" frameborder=\"0\" allow=\"accelerometer; autoplay; clipboard-write; encrypted-media; gyroscope; picture-in-picture; web-share\" referrerpolicy=\"strict-origin-when-cross-origin\" allowfullscreen><\/iframe>\n<\/div><\/figure>\n\n\n\n<p>\u2026..Hoy te la dedico con todo mi coraz\u00f3n porque al recordarte, mi alma encontrar\u00e1 el camino\u2026.ser\u00e1s t\u00fa mi inspiraci\u00f3n.<\/p>\n\n\n\n<p>&#8212;&#8212;&#8212;&#8212;&#8212;<\/p>\n\n\n\n<p>Jackie, No quiero dejar de mencionar los regalos que Vivi me dej\u00f3&#8230;M\u00e1s confianza en mi misma y, sobre todo, la certeza de que siempre habr\u00e1 la manera de realizar lo que tu coraz\u00f3n desea profundamente. S\u00ed es real que soy una mejor persona gracias a la f\u00e9 que ella siempre me expres\u00f3. Qu\u00e9 afortunada soy de haberla conocido.<\/p>\n\n\n\n<p>Gracias querido Jackie por este espacio de comunicaci\u00f3n que estableciste conmigo&#8230; escribir todo esto me trajo una gran sonrisa a mi alma.<\/p>\n\n\n\n<p>Con todo mi amor,<\/p>\n\n\n\n<p class=\"has-text-align-right\">Diana Couriel<\/p>\n\n\n\n<div class=\"wp-block-buttons is-content-justification-center is-layout-flex wp-container-core-buttons-is-layout-a89b3969 wp-block-buttons-is-layout-flex\"><\/div>\n<\/div>\n<\/div>\n","protected":false},"excerpt":{"rendered":"<p>Diana Curiel \u2026\u2026 Y de repente, en esa cafeter\u00eda tan peque\u00f1a v\u00ed tus ojos tan vivaces y hermosos que me sonre\u00edan de una manera muy familiar.&nbsp; Te pregunt\u00e9 si estabas sola, que si quer\u00edas sentarte conmigo, y desde ese momento surgi\u00f3 una amistad que durar\u00eda hasta el d\u00eda de hoy. Me abrazaste con esa energ\u00eda [&hellip;]<\/p>\n","protected":false},"author":1,"featured_media":0,"parent":0,"menu_order":0,"comment_status":"closed","ping_status":"closed","template":"","meta":{"footnotes":""},"class_list":["post-294","page","type-page","status-publish","hentry"],"_links":{"self":[{"href":"http:\/\/vivianbardavid.com\/index.php?rest_route=\/wp\/v2\/pages\/294","targetHints":{"allow":["GET"]}}],"collection":[{"href":"http:\/\/vivianbardavid.com\/index.php?rest_route=\/wp\/v2\/pages"}],"about":[{"href":"http:\/\/vivianbardavid.com\/index.php?rest_route=\/wp\/v2\/types\/page"}],"author":[{"embeddable":true,"href":"http:\/\/vivianbardavid.com\/index.php?rest_route=\/wp\/v2\/users\/1"}],"replies":[{"embeddable":true,"href":"http:\/\/vivianbardavid.com\/index.php?rest_route=%2Fwp%2Fv2%2Fcomments&post=294"}],"version-history":[{"count":4,"href":"http:\/\/vivianbardavid.com\/index.php?rest_route=\/wp\/v2\/pages\/294\/revisions"}],"predecessor-version":[{"id":802,"href":"http:\/\/vivianbardavid.com\/index.php?rest_route=\/wp\/v2\/pages\/294\/revisions\/802"}],"wp:attachment":[{"href":"http:\/\/vivianbardavid.com\/index.php?rest_route=%2Fwp%2Fv2%2Fmedia&parent=294"}],"curies":[{"name":"wp","href":"https:\/\/api.w.org\/{rel}","templated":true}]}}