{"id":296,"date":"2024-01-20T00:03:40","date_gmt":"2024-01-20T00:03:40","guid":{"rendered":"http:\/\/vivianbardavid.com\/?page_id=296"},"modified":"2024-11-14T22:41:20","modified_gmt":"2024-11-14T22:41:20","slug":"tammy-gorodezky","status":"publish","type":"page","link":"http:\/\/vivianbardavid.com\/?page_id=296","title":{"rendered":"Tammy Gorodezky"},"content":{"rendered":"\n<div class=\"wp-block-group alignfull has-background is-vertical is-content-justification-center is-layout-flex wp-container-core-group-is-layout-cae02afd wp-block-group-is-layout-flex\" style=\"background-color:#f4f4fd;min-height:100vh;margin-top:0;margin-bottom:0;padding-top:var(--wp--preset--spacing--50);padding-right:var(--wp--preset--spacing--50);padding-bottom:var(--wp--preset--spacing--50);padding-left:var(--wp--preset--spacing--50)\">\n<div class=\"wp-block-group has-global-padding is-layout-constrained wp-block-group-is-layout-constrained\">\n<h2 class=\"wp-block-heading has-text-align-center has-text-color has-link-color wp-elements-351f05dbb5bcd8650b44ee8829ae9ae9\" style=\"color:#8d85ae\">Tammy Gorodezky<\/h2>\n\n\n\n<div style=\"height:37px\" aria-hidden=\"true\" class=\"wp-block-spacer\"><\/div>\n\n\n\n<p>Uno de los primeros recuerdos que tengo de mi adorada T\u00eda Vivi es ella sentada junto a m\u00ed en la mesa de la cocina de su casa; yo dibujaba con colores y papel que me hab\u00eda dado ella (y que probablemente eran demasiado para los garabatos de una ni\u00f1a de cinco a\u00f1os) mientras ella me ense\u00f1aba sus propias obras de arte que, a la fecha, me siguen impresionando.<\/p>\n\n\n\n<p>Recuerdo que sonaba una canci\u00f3n de Enya que ella me hab\u00eda ense\u00f1ado y que a las dos nos gustaba mucho (ahora s\u00e9 que es \u201cOnly Time\u201d y la escucho para relajarme), y yo le ped\u00eda a mi t\u00eda m\u00e1s jarabe de prop\u00f3leo que siempre ten\u00eda en su casa y a m\u00ed me encantaba. Termin\u00e9 mi dibujo de un b\u00faho y, aunque estuviera bastante abstracto y hecho por una ni\u00f1a peque\u00f1a, mi t\u00eda me felicit\u00f3 y me dio algunos consejos de c\u00f3mo mejorar; ese momento marc\u00f3 mi vida y mi decisi\u00f3n de seguir creando arte y mejorar por el simple gusto de hacerlo.<\/p>\n\n\n\n<p>Tambi\u00e9n tuve la oportunidad de tomar clases de pintura junto con mi t\u00eda bajo la ense\u00f1anza de la maestra Eugenia Vives y debo confesar que, a pesar de ser una gran maestra y artista, los cuadros de mi t\u00eda siempre me gustaron m\u00e1s.<\/p>\n\n\n\n<p>Mi t\u00eda Vivi siempre y va a estar presente en muchos aspectos de mi vida, pero el m\u00e1s notorio es en cada trazo y cada pincelada de todas las creaciones (como ella les dec\u00eda) que he hecho y vaya a hacer en el futuro.<\/p>\n\n\n\n<p>Estar con mi t\u00eda era entrar en un mundo de fantas\u00eda, m\u00fasica y arte, adem\u00e1s de que la cara de mi t\u00eda siempre me record\u00f3 a la de la animaci\u00f3n cl\u00e1sica de Cenicienta de Disney; la princesa m\u00e1s bonita de todas.<\/p>\n\n\n\n<p class=\"has-text-align-right\">Tammy Gorodezky<\/p>\n<\/div>\n<\/div>\n","protected":false},"excerpt":{"rendered":"<p>Tammy Gorodezky Uno de los primeros recuerdos que tengo de mi adorada T\u00eda Vivi es ella sentada junto a m\u00ed en la mesa de la cocina de su casa; yo dibujaba con colores y papel que me hab\u00eda dado ella (y que probablemente eran demasiado para los garabatos de una ni\u00f1a de cinco a\u00f1os) mientras [&hellip;]<\/p>\n","protected":false},"author":1,"featured_media":0,"parent":0,"menu_order":0,"comment_status":"closed","ping_status":"closed","template":"","meta":{"footnotes":""},"class_list":["post-296","page","type-page","status-publish","hentry"],"_links":{"self":[{"href":"http:\/\/vivianbardavid.com\/index.php?rest_route=\/wp\/v2\/pages\/296","targetHints":{"allow":["GET"]}}],"collection":[{"href":"http:\/\/vivianbardavid.com\/index.php?rest_route=\/wp\/v2\/pages"}],"about":[{"href":"http:\/\/vivianbardavid.com\/index.php?rest_route=\/wp\/v2\/types\/page"}],"author":[{"embeddable":true,"href":"http:\/\/vivianbardavid.com\/index.php?rest_route=\/wp\/v2\/users\/1"}],"replies":[{"embeddable":true,"href":"http:\/\/vivianbardavid.com\/index.php?rest_route=%2Fwp%2Fv2%2Fcomments&post=296"}],"version-history":[{"count":5,"href":"http:\/\/vivianbardavid.com\/index.php?rest_route=\/wp\/v2\/pages\/296\/revisions"}],"predecessor-version":[{"id":807,"href":"http:\/\/vivianbardavid.com\/index.php?rest_route=\/wp\/v2\/pages\/296\/revisions\/807"}],"wp:attachment":[{"href":"http:\/\/vivianbardavid.com\/index.php?rest_route=%2Fwp%2Fv2%2Fmedia&parent=296"}],"curies":[{"name":"wp","href":"https:\/\/api.w.org\/{rel}","templated":true}]}}