{"id":298,"date":"2024-01-20T00:05:23","date_gmt":"2024-01-20T00:05:23","guid":{"rendered":"http:\/\/vivianbardavid.com\/?page_id=298"},"modified":"2024-11-14T22:45:00","modified_gmt":"2024-11-14T22:45:00","slug":"carla-izurieta","status":"publish","type":"page","link":"http:\/\/vivianbardavid.com\/?page_id=298","title":{"rendered":"Carla Izurieta"},"content":{"rendered":"\n<div class=\"wp-block-group alignfull has-background is-vertical is-content-justification-center is-layout-flex wp-container-core-group-is-layout-623b1cb9 wp-block-group-is-layout-flex\" style=\"background-color:#f4f4fd;min-height:100vh;margin-top:0;margin-bottom:0;padding-top:var(--wp--preset--spacing--60);padding-right:var(--wp--preset--spacing--50);padding-bottom:var(--wp--preset--spacing--60);padding-left:var(--wp--preset--spacing--50)\">\n<div class=\"wp-block-group has-global-padding is-layout-constrained wp-block-group-is-layout-constrained\">\n<h2 class=\"wp-block-heading has-text-align-center has-text-color has-link-color wp-elements-465440056e555c5d53cce4dca65c3d15\" style=\"color:#8d85ae\">Karla Izurieta<\/h2>\n\n\n\n<div style=\"height:var(--wp--preset--spacing--10)\" aria-hidden=\"true\" class=\"wp-block-spacer\"><\/div>\n\n\n\n<p>Todav\u00eda recuerdo el primer d\u00eda que fui a casa de Toni la mam\u00e1 de mi novio Eduardo; ten\u00edamos apenas 1 mes de novios. La primera persona que me recibi\u00f3 con una sonrisa en su rostro era Vivi, la hermana mayor de Lalo. En ese entonces todav\u00eda desconoc\u00eda la relaci\u00f3n tan especial que ten\u00edan ellos dos.<\/p>\n\n\n\n<p>Al pasar de los a\u00f1os entend\u00ed que ten\u00eda 2 suegras ya que Vivi siempre cuidaba, quer\u00eda y velaba por Eduardo. Siempre estaba presente en nuestras vidas para las alegr\u00edas, compartiendo la felicidad, y a veces, si no siempre, para hacerlas realidad. Y en los momentos tristes ella estaba presente para abrazarnos y cuidar nuestro bienestar.<\/p>\n\n\n\n<p>Para mis hijos, que son un milagro de vida, Vivi era su t\u00eda que les hac\u00eda re\u00edr, creaba juegos para cada uno y los consent\u00eda con sus detalles especiales. Te extra\u00f1aremos siempre y te enviamos muchos besos &#x2728;&#x2b50;&#xfe0f;&#x1f4ab;&#x1f31f;&#x2728;&#x2b50;&#xfe0f;&#x1f4ab;&#x1f31f;&#x2728;&#x2b50;&#xfe0f;<\/p>\n\n\n\n<p class=\"has-text-align-right\">Carla<\/p>\n<\/div>\n<\/div>\n","protected":false},"excerpt":{"rendered":"<p>Karla Izurieta Todav\u00eda recuerdo el primer d\u00eda que fui a casa de Toni la mam\u00e1 de mi novio Eduardo; ten\u00edamos apenas 1 mes de novios. La primera persona que me recibi\u00f3 con una sonrisa en su rostro era Vivi, la hermana mayor de Lalo. En ese entonces todav\u00eda desconoc\u00eda la relaci\u00f3n tan especial que ten\u00edan [&hellip;]<\/p>\n","protected":false},"author":1,"featured_media":0,"parent":0,"menu_order":0,"comment_status":"closed","ping_status":"closed","template":"","meta":{"footnotes":""},"class_list":["post-298","page","type-page","status-publish","hentry"],"_links":{"self":[{"href":"http:\/\/vivianbardavid.com\/index.php?rest_route=\/wp\/v2\/pages\/298","targetHints":{"allow":["GET"]}}],"collection":[{"href":"http:\/\/vivianbardavid.com\/index.php?rest_route=\/wp\/v2\/pages"}],"about":[{"href":"http:\/\/vivianbardavid.com\/index.php?rest_route=\/wp\/v2\/types\/page"}],"author":[{"embeddable":true,"href":"http:\/\/vivianbardavid.com\/index.php?rest_route=\/wp\/v2\/users\/1"}],"replies":[{"embeddable":true,"href":"http:\/\/vivianbardavid.com\/index.php?rest_route=%2Fwp%2Fv2%2Fcomments&post=298"}],"version-history":[{"count":4,"href":"http:\/\/vivianbardavid.com\/index.php?rest_route=\/wp\/v2\/pages\/298\/revisions"}],"predecessor-version":[{"id":809,"href":"http:\/\/vivianbardavid.com\/index.php?rest_route=\/wp\/v2\/pages\/298\/revisions\/809"}],"wp:attachment":[{"href":"http:\/\/vivianbardavid.com\/index.php?rest_route=%2Fwp%2Fv2%2Fmedia&parent=298"}],"curies":[{"name":"wp","href":"https:\/\/api.w.org\/{rel}","templated":true}]}}