{"id":301,"date":"2024-01-20T00:06:01","date_gmt":"2024-01-20T00:06:01","guid":{"rendered":"http:\/\/vivianbardavid.com\/?page_id=301"},"modified":"2024-11-15T01:05:00","modified_gmt":"2024-11-15T01:05:00","slug":"rosi-jimenez","status":"publish","type":"page","link":"http:\/\/vivianbardavid.com\/?page_id=301","title":{"rendered":"Rosi Jim\u00e9nez"},"content":{"rendered":"\n<div class=\"wp-block-group alignfull has-background is-vertical is-content-justification-center is-layout-flex wp-container-core-group-is-layout-623b1cb9 wp-block-group-is-layout-flex\" style=\"background-color:#f4f4fd;min-height:100vh;margin-top:0;margin-bottom:0;padding-top:var(--wp--preset--spacing--60);padding-right:var(--wp--preset--spacing--50);padding-bottom:var(--wp--preset--spacing--60);padding-left:var(--wp--preset--spacing--50)\">\n<div class=\"wp-block-group has-global-padding is-layout-constrained wp-block-group-is-layout-constrained\">\n<h2 class=\"wp-block-heading has-text-align-center has-text-color has-link-color wp-elements-de964b78624509a36f655556e4385a53\" style=\"color:#8d85ae\">Rosi Jim\u00e9nez<\/h2>\n\n\n\n<div style=\"height:var(--wp--preset--spacing--10)\" aria-hidden=\"true\" class=\"wp-block-spacer\"><\/div>\n\n\n\n<p>Vivian hizo posible la compraventa de la casa ubicada en Liverpool # 17, Colonia Ju\u00e1rez, de la Sra. Evangelina Elizondo, al Honorable se\u00f1or Kyong Tae Lee, quien convirti\u00f3 la casa en una escuela para que los ni\u00f1os coreanos y mexicanos pudieran aprender coreano. Vivian logr\u00f3 hacer posible esta s\u00faper dif\u00edcil negociaci\u00f3n por su profesionalismo, inteligencia y experiencia en el ramo.<\/p>\n\n\n\n<p>Vivian, eras y ser\u00e1s una mujer extraordinaria, excepcional, altruista, humana, perseverante, guerrera, amorosa, excelente hija, esposa, amiga, totalmente un ejemplo a seguir, con much\u00edsimos deseos de vivir para ella, su familia y la humanidad en general. Fue una mujer que dejo mucha huella en el alma de quienes la conocimos.<\/p>\n\n\n\n<p>Inigualable, e imposible de olvidar; al contrario, con el paso del tiempo uno reconoce m\u00e1s tu labor como gran mujer.<\/p>\n\n\n\n<p>Deseo que en el nuevo lugar que est\u00e9s encuentres la luz que te gu\u00ede a La Paz que todos buscamos.<\/p>\n\n\n\n<p>Siempre te recordar\u00e9 con much\u00edsimo cari\u00f1o y tambi\u00e9n tus ense\u00f1anzas.<\/p>\n\n\n\n<p>Tu amiga que te quiere mucho,<\/p>\n\n\n\n<p class=\"has-text-align-right\">Rosi<\/p>\n<\/div>\n<\/div>\n","protected":false},"excerpt":{"rendered":"<p>Rosi Jim\u00e9nez Vivian hizo posible la compraventa de la casa ubicada en Liverpool # 17, Colonia Ju\u00e1rez, de la Sra. Evangelina Elizondo, al Honorable se\u00f1or Kyong Tae Lee, quien convirti\u00f3 la casa en una escuela para que los ni\u00f1os coreanos y mexicanos pudieran aprender coreano. Vivian logr\u00f3 hacer posible esta s\u00faper dif\u00edcil negociaci\u00f3n por su [&hellip;]<\/p>\n","protected":false},"author":1,"featured_media":0,"parent":0,"menu_order":0,"comment_status":"closed","ping_status":"closed","template":"","meta":{"footnotes":""},"class_list":["post-301","page","type-page","status-publish","hentry"],"_links":{"self":[{"href":"http:\/\/vivianbardavid.com\/index.php?rest_route=\/wp\/v2\/pages\/301","targetHints":{"allow":["GET"]}}],"collection":[{"href":"http:\/\/vivianbardavid.com\/index.php?rest_route=\/wp\/v2\/pages"}],"about":[{"href":"http:\/\/vivianbardavid.com\/index.php?rest_route=\/wp\/v2\/types\/page"}],"author":[{"embeddable":true,"href":"http:\/\/vivianbardavid.com\/index.php?rest_route=\/wp\/v2\/users\/1"}],"replies":[{"embeddable":true,"href":"http:\/\/vivianbardavid.com\/index.php?rest_route=%2Fwp%2Fv2%2Fcomments&post=301"}],"version-history":[{"count":2,"href":"http:\/\/vivianbardavid.com\/index.php?rest_route=\/wp\/v2\/pages\/301\/revisions"}],"predecessor-version":[{"id":810,"href":"http:\/\/vivianbardavid.com\/index.php?rest_route=\/wp\/v2\/pages\/301\/revisions\/810"}],"wp:attachment":[{"href":"http:\/\/vivianbardavid.com\/index.php?rest_route=%2Fwp%2Fv2%2Fmedia&parent=301"}],"curies":[{"name":"wp","href":"https:\/\/api.w.org\/{rel}","templated":true}]}}