{"id":303,"date":"2024-01-20T00:06:45","date_gmt":"2024-01-20T00:06:45","guid":{"rendered":"http:\/\/vivianbardavid.com\/?page_id=303"},"modified":"2024-11-15T01:06:44","modified_gmt":"2024-11-15T01:06:44","slug":"blanca-olivera","status":"publish","type":"page","link":"http:\/\/vivianbardavid.com\/?page_id=303","title":{"rendered":"Blanca Olivera"},"content":{"rendered":"\n<div class=\"wp-block-group alignfull has-background is-vertical is-content-justification-center is-layout-flex wp-container-core-group-is-layout-623b1cb9 wp-block-group-is-layout-flex\" style=\"background-color:#f4f4fd;min-height:100vh;margin-top:0;margin-bottom:0;padding-top:var(--wp--preset--spacing--60);padding-right:var(--wp--preset--spacing--50);padding-bottom:var(--wp--preset--spacing--60);padding-left:var(--wp--preset--spacing--50)\">\n<div class=\"wp-block-group has-global-padding is-layout-constrained wp-block-group-is-layout-constrained\">\n<h2 class=\"wp-block-heading has-text-align-center has-text-color has-link-color wp-elements-9392460bd3dd23f82375080170c0f5aa\" style=\"color:#8d85ae\">Blanca Olivera<\/h2>\n\n\n\n<p>Vivian, mi amiga querida, un Ser maravilloso lleno de Luz y Amor, que vino a estar un breve tiempo con nosotros.<\/p>\n\n\n\n<p>Viv\u00eda para dar servicio a todo el que lo necesitara, siempre pensando y actuando para los dem\u00e1s.<\/p>\n\n\n\n<p>Recordar\u00e9 y extra\u00f1ar\u00e9 sus sabios consejos tanto laborales como personales, sus palabras de aliento y comprensi\u00f3n, su pastel especial y delicioso (receta de su mami), que me mandaba en mis cumplea\u00f1os.<\/p>\n\n\n\n<p>\u00a1Vivian querida, te amo y te extra\u00f1ar\u00e9 mucho y nunca te olvidar\u00e9!<\/p>\n\n\n\n<p class=\"has-text-align-right\">Blanca Olivera<\/p>\n\n\n\n<div style=\"height:var(--wp--preset--spacing--10)\" aria-hidden=\"true\" class=\"wp-block-spacer\"><\/div>\n<\/div>\n<\/div>\n","protected":false},"excerpt":{"rendered":"<p>Blanca Olivera Vivian, mi amiga querida, un Ser maravilloso lleno de Luz y Amor, que vino a estar un breve tiempo con nosotros. Viv\u00eda para dar servicio a todo el que lo necesitara, siempre pensando y actuando para los dem\u00e1s. Recordar\u00e9 y extra\u00f1ar\u00e9 sus sabios consejos tanto laborales como personales, sus palabras de aliento y [&hellip;]<\/p>\n","protected":false},"author":1,"featured_media":0,"parent":0,"menu_order":0,"comment_status":"closed","ping_status":"closed","template":"","meta":{"footnotes":""},"class_list":["post-303","page","type-page","status-publish","hentry"],"_links":{"self":[{"href":"http:\/\/vivianbardavid.com\/index.php?rest_route=\/wp\/v2\/pages\/303","targetHints":{"allow":["GET"]}}],"collection":[{"href":"http:\/\/vivianbardavid.com\/index.php?rest_route=\/wp\/v2\/pages"}],"about":[{"href":"http:\/\/vivianbardavid.com\/index.php?rest_route=\/wp\/v2\/types\/page"}],"author":[{"embeddable":true,"href":"http:\/\/vivianbardavid.com\/index.php?rest_route=\/wp\/v2\/users\/1"}],"replies":[{"embeddable":true,"href":"http:\/\/vivianbardavid.com\/index.php?rest_route=%2Fwp%2Fv2%2Fcomments&post=303"}],"version-history":[{"count":3,"href":"http:\/\/vivianbardavid.com\/index.php?rest_route=\/wp\/v2\/pages\/303\/revisions"}],"predecessor-version":[{"id":812,"href":"http:\/\/vivianbardavid.com\/index.php?rest_route=\/wp\/v2\/pages\/303\/revisions\/812"}],"wp:attachment":[{"href":"http:\/\/vivianbardavid.com\/index.php?rest_route=%2Fwp%2Fv2%2Fmedia&parent=303"}],"curies":[{"name":"wp","href":"https:\/\/api.w.org\/{rel}","templated":true}]}}