{"id":314,"date":"2024-01-20T00:14:15","date_gmt":"2024-01-20T00:14:15","guid":{"rendered":"http:\/\/vivianbardavid.com\/?page_id=314"},"modified":"2024-11-15T01:25:42","modified_gmt":"2024-11-15T01:25:42","slug":"karen-gorodezky","status":"publish","type":"page","link":"http:\/\/vivianbardavid.com\/?page_id=314","title":{"rendered":"Karen Gorodezky"},"content":{"rendered":"\n<div class=\"wp-block-group alignfull has-background is-vertical is-content-justification-center is-layout-flex wp-container-core-group-is-layout-623b1cb9 wp-block-group-is-layout-flex\" style=\"background-color:#f4f4fd;min-height:100vh;margin-top:0;margin-bottom:0;padding-top:var(--wp--preset--spacing--60);padding-right:var(--wp--preset--spacing--50);padding-bottom:var(--wp--preset--spacing--60);padding-left:var(--wp--preset--spacing--50)\">\n<div class=\"wp-block-group has-global-padding is-layout-constrained wp-block-group-is-layout-constrained\">\n<h2 class=\"wp-block-heading alignwide has-text-align-center has-text-color has-link-color wp-elements-6dbfb6bb21b67e173b10e6a041fad45b\" style=\"color:#8d85ae\">Karen Godorezky<\/h2>\n\n\n\n<p>Es muy dif\u00edcil escoger un solo recuerdo de mi bonita. Compart\u00edamos muchas cosas, desde el amor y pasi\u00f3n por el arte y la moda, rutinas de skincare y el tener una vida llena de amor, armon\u00eda y paz.<\/p>\n\n\n\n<p>Pero sin duda uno de mis recuerdos m\u00e1s bonitos e importantes en mi vida es cuando mi adorada t\u00eda Vivi y mi adorado t\u00edo Jackie me invitaban a dormir a su casa. Era un ambiente lleno de amor y creatividad.<\/p>\n\n\n\n<p>Gracias a mis amados t\u00edos fue que desarroll\u00e9 mi amor y pasi\u00f3n por pintar y dise\u00f1ar. Con mi t\u00eda pintaba y me ense\u00f1aba. Siempre le admir\u00e9 much\u00edsimo su t\u00e9cnica y talento. Con mi t\u00edo constru\u00edamos casas y castillos hermosos. Escuch\u00e1bamos siempre m\u00fasica preciosa de sonidos de p\u00e1jaros y cascadas.<\/p>\n\n\n\n<p>No s\u00e9 si Viv\u00ed supo lo importantes e invaluables que fueron esas pijamadas para mi. Son algo que siempre estar\u00e1 en mi memoria.<\/p>\n\n\n\n<p>Siempre en mi coraz\u00f3n bonita, mil besos hasta el cielo.<\/p>\n\n\n\n<p class=\"has-text-align-right\">-Karen<\/p>\n\n\n\n<div style=\"height:var(--wp--preset--spacing--10)\" aria-hidden=\"true\" class=\"wp-block-spacer\"><\/div>\n<\/div>\n<\/div>\n","protected":false},"excerpt":{"rendered":"<p>Karen Godorezky Es muy dif\u00edcil escoger un solo recuerdo de mi bonita. Compart\u00edamos muchas cosas, desde el amor y pasi\u00f3n por el arte y la moda, rutinas de skincare y el tener una vida llena de amor, armon\u00eda y paz. Pero sin duda uno de mis recuerdos m\u00e1s bonitos e importantes en mi vida es [&hellip;]<\/p>\n","protected":false},"author":1,"featured_media":0,"parent":0,"menu_order":0,"comment_status":"closed","ping_status":"closed","template":"","meta":{"footnotes":""},"class_list":["post-314","page","type-page","status-publish","hentry"],"_links":{"self":[{"href":"http:\/\/vivianbardavid.com\/index.php?rest_route=\/wp\/v2\/pages\/314","targetHints":{"allow":["GET"]}}],"collection":[{"href":"http:\/\/vivianbardavid.com\/index.php?rest_route=\/wp\/v2\/pages"}],"about":[{"href":"http:\/\/vivianbardavid.com\/index.php?rest_route=\/wp\/v2\/types\/page"}],"author":[{"embeddable":true,"href":"http:\/\/vivianbardavid.com\/index.php?rest_route=\/wp\/v2\/users\/1"}],"replies":[{"embeddable":true,"href":"http:\/\/vivianbardavid.com\/index.php?rest_route=%2Fwp%2Fv2%2Fcomments&post=314"}],"version-history":[{"count":3,"href":"http:\/\/vivianbardavid.com\/index.php?rest_route=\/wp\/v2\/pages\/314\/revisions"}],"predecessor-version":[{"id":818,"href":"http:\/\/vivianbardavid.com\/index.php?rest_route=\/wp\/v2\/pages\/314\/revisions\/818"}],"wp:attachment":[{"href":"http:\/\/vivianbardavid.com\/index.php?rest_route=%2Fwp%2Fv2%2Fmedia&parent=314"}],"curies":[{"name":"wp","href":"https:\/\/api.w.org\/{rel}","templated":true}]}}