{"id":345,"date":"2024-01-22T18:17:11","date_gmt":"2024-01-22T18:17:11","guid":{"rendered":"http:\/\/vivianbardavid.com\/?page_id=345"},"modified":"2024-11-15T01:27:17","modified_gmt":"2024-11-15T01:27:17","slug":"marisol-baca","status":"publish","type":"page","link":"http:\/\/vivianbardavid.com\/?page_id=345","title":{"rendered":"Marisol Baca"},"content":{"rendered":"\n<div class=\"wp-block-group alignfull has-background is-vertical is-content-justification-center is-layout-flex wp-container-core-group-is-layout-7335cd79 wp-block-group-is-layout-flex\" style=\"border-style:none;border-width:0px;background-color:#f4f4fd;min-height:100vh;margin-top:var(--wp--preset--spacing--20);margin-bottom:var(--wp--preset--spacing--20);padding-top:var(--wp--preset--spacing--40);padding-right:var(--wp--preset--spacing--20);padding-bottom:var(--wp--preset--spacing--40);padding-left:var(--wp--preset--spacing--20)\">\n<div class=\"wp-block-group has-global-padding is-layout-constrained wp-block-group-is-layout-constrained\">\n<h2 class=\"wp-block-heading has-text-align-center has-text-color has-link-color wp-elements-9963d2ae1a5241915555e2e7b07bdd63\" style=\"color:#8d85ae\">Marisol Baca<\/h2>\n\n\n\n<div style=\"height:31px\" aria-hidden=\"true\" class=\"wp-block-spacer\"><\/div>\n\n\n\n<p>Tuve el gusto de conocer a Vivian para tratar temas de la Fundaci\u00f3n Mexicana del Coraz\u00f3n.<\/p>\n\n\n\n<p>Confieso que desde la primera vez me contagi\u00f3 su entusiasmo y su gusto de ayudar. No escatim\u00f3 nunca compartir con nosotros posibilidades de ayuda y de enlace.<\/p>\n\n\n\n<p>Siempre buscado poder ayudar.<\/p>\n\n\n\n<p>Y siempre poniendo todo su coraz\u00f3n.<\/p>\n\n\n\n<p>Descansa en paz querida Vivian.<\/p>\n\n\n\n<p>Dejaste un espacio en mi coraz\u00f3n que recordar\u00e9 siempre.<\/p>\n\n\n\n<p>GRACIAS por todo !<\/p>\n\n\n\n<p>Tu camino estar\u00e1 iluminado por todas las acciones buenas y positivas que hiciste para los que tuvimos el gusto de conocerte.<\/p>\n\n\n\n<p class=\"has-text-align-right\">Marisol Baca<\/p>\n\n\n\n<div class=\"wp-block-buttons is-content-justification-center is-layout-flex wp-container-core-buttons-is-layout-a89b3969 wp-block-buttons-is-layout-flex\"><\/div>\n<\/div>\n<\/div>\n","protected":false},"excerpt":{"rendered":"<p>Marisol Baca Tuve el gusto de conocer a Vivian para tratar temas de la Fundaci\u00f3n Mexicana del Coraz\u00f3n. Confieso que desde la primera vez me contagi\u00f3 su entusiasmo y su gusto de ayudar. No escatim\u00f3 nunca compartir con nosotros posibilidades de ayuda y de enlace. Siempre buscado poder ayudar. Y siempre poniendo todo su coraz\u00f3n. [&hellip;]<\/p>\n","protected":false},"author":1,"featured_media":0,"parent":0,"menu_order":0,"comment_status":"closed","ping_status":"closed","template":"","meta":{"footnotes":""},"class_list":["post-345","page","type-page","status-publish","hentry"],"_links":{"self":[{"href":"http:\/\/vivianbardavid.com\/index.php?rest_route=\/wp\/v2\/pages\/345","targetHints":{"allow":["GET"]}}],"collection":[{"href":"http:\/\/vivianbardavid.com\/index.php?rest_route=\/wp\/v2\/pages"}],"about":[{"href":"http:\/\/vivianbardavid.com\/index.php?rest_route=\/wp\/v2\/types\/page"}],"author":[{"embeddable":true,"href":"http:\/\/vivianbardavid.com\/index.php?rest_route=\/wp\/v2\/users\/1"}],"replies":[{"embeddable":true,"href":"http:\/\/vivianbardavid.com\/index.php?rest_route=%2Fwp%2Fv2%2Fcomments&post=345"}],"version-history":[{"count":3,"href":"http:\/\/vivianbardavid.com\/index.php?rest_route=\/wp\/v2\/pages\/345\/revisions"}],"predecessor-version":[{"id":820,"href":"http:\/\/vivianbardavid.com\/index.php?rest_route=\/wp\/v2\/pages\/345\/revisions\/820"}],"wp:attachment":[{"href":"http:\/\/vivianbardavid.com\/index.php?rest_route=%2Fwp%2Fv2%2Fmedia&parent=345"}],"curies":[{"name":"wp","href":"https:\/\/api.w.org\/{rel}","templated":true}]}}