{"id":350,"date":"2024-01-22T18:40:11","date_gmt":"2024-01-22T18:40:11","guid":{"rendered":"http:\/\/vivianbardavid.com\/?page_id=350"},"modified":"2024-11-15T01:30:33","modified_gmt":"2024-11-15T01:30:33","slug":"lizzy-pena","status":"publish","type":"page","link":"http:\/\/vivianbardavid.com\/?page_id=350","title":{"rendered":"Lizzy Pe\u00f1a"},"content":{"rendered":"\n<div class=\"wp-block-group alignfull has-background is-vertical is-content-justification-center is-layout-flex wp-container-core-group-is-layout-a1acf9f3 wp-block-group-is-layout-flex\" style=\"background-color:#f4f4fd;min-height:100vh;margin-top:0;margin-bottom:0;padding-top:var(--wp--preset--spacing--50);padding-right:0;padding-bottom:var(--wp--preset--spacing--50);padding-left:0\">\n<div class=\"wp-block-group has-global-padding is-layout-constrained wp-block-group-is-layout-constrained\">\n<h2 class=\"wp-block-heading has-text-align-center has-text-color has-link-color wp-elements-02f99a6f3c242c37850af71e5b6441ef\" style=\"color:#8d85ae\">Lizzy Pe\u00f1a<\/h2>\n\n\n\n<div style=\"height:18px\" aria-hidden=\"true\" class=\"wp-block-spacer\"><\/div>\n\n\n\n<p>Mi vida encontr\u00f3 una raz\u00f3n de ser cuando, en una reuni\u00f3n en el Club de Empresarios, me voltee hacia una dama muy elegante vestida de rosa, rubia, y con una sonrisa encantadora, y le dije que yo no quer\u00eda estar solo en el Comit\u00e9 de Eventos de la American Society, sino quer\u00eda contribuir en la relaci\u00f3n con Fundaciones y Asociaciones de la Sociedad Civil, para ayudar a los m\u00e1s necesitados en su equipo del Steering Group.<\/p>\n\n\n\n<p>Desde ah\u00ed me volv\u00ed en una inseparable de esta mujer de ojos brillantes, Vivian Bardavid, a quien me refer\u00eda como Vivs o Vivi, y no me solt\u00f3 en ninguna semana desde entonces.<\/p>\n\n\n\n<p>En Pandemia juntas ayudamos a salir adelante a cantidad de vecindades y comunidades religiosas en Chihuahua y Morelia.<\/p>\n\n\n\n<p>Me ayud\u00f3 a tejer fino la relaci\u00f3n con la Cruz Roja Mexicana para poder firmar la Alianza entre ellos y United Way, donde se apoyar\u00e1n por muchos a\u00f1os en distintos programas que ayudar\u00e1n a innumerables migrantes y personas vulnerables.<\/p>\n\n\n\n<p>Segu\u00eda cada uno de mis viajes y me ped\u00eda fotos de cada uno. Recuerdo una junta en particular que yo me encontraba en Vail en un invierno, la junta se adelant\u00f3 y yo estaba en zapatos de nieve caminando una monta\u00f1a, no paraba de re\u00edrse porque se o\u00eda el crujir de la nieve a cada paso que daba, y ella trataba de ponerse seria pero le ganaba la risa en cada avance de la junta. Fue una an\u00e9cdota que siempre contaba cuando me presentaba con alguien.<\/p>\n\n\n\n<p>O cuando me pidi\u00f3 conseguir sangre para una mujer vacacionista, accidentada en un coche en Canc\u00fan. Lle llame a unos contactos y me dec\u00eda que ya no le dijera a nadie m\u00e1s, que esos contactos hab\u00edan movido cielo y tierra, y hab\u00eda filas de donadores en el hospital, y ya hasta en el radio hab\u00eda salido.<\/p>\n\n\n\n<p style=\"padding-right:var(--wp--preset--spacing--60);padding-left:var(--wp--preset--spacing--60)\">Siempre nos hac\u00eda ir m\u00e1s all\u00e1 de nuestro l\u00edmite de confort, buscar la excelencia, ensayar d\u00edas una reuni\u00f3n importante, revisar muchas veces un texto antes de que saliera publicado, llegar a llamar a Gobernadores o l\u00edderes de una comunidad para destrabar un obst\u00e1culo que le imped\u00eda avanzar a una persona u organizaci\u00f3n. Esa es Viv y siempre imitar\u00e9 sus modos elegantes y efectivos, y recordar\u00e9 su alegr\u00eda, su risa y su \u201cte quiero\u201d constante. \u00a1Gracias Vivi!<\/p>\n\n\n\n<p class=\"has-text-align-right\">Lizzy<\/p>\n<\/div>\n<\/div>\n","protected":false},"excerpt":{"rendered":"<p>Lizzy Pe\u00f1a Mi vida encontr\u00f3 una raz\u00f3n de ser cuando, en una reuni\u00f3n en el Club de Empresarios, me voltee hacia una dama muy elegante vestida de rosa, rubia, y con una sonrisa encantadora, y le dije que yo no quer\u00eda estar solo en el Comit\u00e9 de Eventos de la American Society, sino quer\u00eda contribuir [&hellip;]<\/p>\n","protected":false},"author":1,"featured_media":0,"parent":0,"menu_order":0,"comment_status":"closed","ping_status":"closed","template":"","meta":{"footnotes":""},"class_list":["post-350","page","type-page","status-publish","hentry"],"_links":{"self":[{"href":"http:\/\/vivianbardavid.com\/index.php?rest_route=\/wp\/v2\/pages\/350","targetHints":{"allow":["GET"]}}],"collection":[{"href":"http:\/\/vivianbardavid.com\/index.php?rest_route=\/wp\/v2\/pages"}],"about":[{"href":"http:\/\/vivianbardavid.com\/index.php?rest_route=\/wp\/v2\/types\/page"}],"author":[{"embeddable":true,"href":"http:\/\/vivianbardavid.com\/index.php?rest_route=\/wp\/v2\/users\/1"}],"replies":[{"embeddable":true,"href":"http:\/\/vivianbardavid.com\/index.php?rest_route=%2Fwp%2Fv2%2Fcomments&post=350"}],"version-history":[{"count":2,"href":"http:\/\/vivianbardavid.com\/index.php?rest_route=\/wp\/v2\/pages\/350\/revisions"}],"predecessor-version":[{"id":821,"href":"http:\/\/vivianbardavid.com\/index.php?rest_route=\/wp\/v2\/pages\/350\/revisions\/821"}],"wp:attachment":[{"href":"http:\/\/vivianbardavid.com\/index.php?rest_route=%2Fwp%2Fv2%2Fmedia&parent=350"}],"curies":[{"name":"wp","href":"https:\/\/api.w.org\/{rel}","templated":true}]}}