{"id":362,"date":"2024-01-22T19:10:40","date_gmt":"2024-01-22T19:10:40","guid":{"rendered":"http:\/\/vivianbardavid.com\/?page_id=362"},"modified":"2024-11-15T01:36:23","modified_gmt":"2024-11-15T01:36:23","slug":"vanessa-kosberg-feldman","status":"publish","type":"page","link":"http:\/\/vivianbardavid.com\/?page_id=362","title":{"rendered":"Vanessa Kosberg Feldman"},"content":{"rendered":"\n<div class=\"wp-block-group alignfull has-background is-vertical is-content-justification-center is-layout-flex wp-container-core-group-is-layout-c2734803 wp-block-group-is-layout-flex\" style=\"background-color:#f4f4fd;min-height:91vh;margin-top:0;margin-bottom:0;padding-top:var(--wp--preset--spacing--30);padding-right:var(--wp--preset--spacing--50);padding-bottom:var(--wp--preset--spacing--30);padding-left:var(--wp--preset--spacing--50)\">\n<div class=\"wp-block-group has-global-padding is-layout-constrained wp-container-core-group-is-layout-648b1458 wp-block-group-is-layout-constrained\">\n<h2 class=\"wp-block-heading has-text-align-center has-text-color has-link-color wp-elements-0967f46c466437476763fd36b0710b62\" style=\"color:#8d85ae\">Vanessa Kosberg Feldman<\/h2>\n\n\n\n<div style=\"height:14px\" aria-hidden=\"true\" class=\"wp-block-spacer\"><\/div>\n\n\n\n<p>Trabajar con personas como Vivian es un privilegio.&nbsp;Pili Baz\u00e1n nos present\u00f3, sabiendo que con el apoyo de Vivi, su equipo y AMSOC, el proyecto de Signify tendr\u00eda un mayor impacto\u2026 y as\u00ed fue.<\/p>\n\n\n\n<p>Siempre clara, elocuente, buscando c\u00f3mo sumar y pensando en alianzas que pudieran repercutir de modo positivo en las vidas de las personas.<\/p>\n\n\n\n<p>Colaborar con Vivi fue un goce que se palpaba y contagiaba a los que est\u00e1bamos participando en ese momento.<\/p>\n\n\n\n<p>A t\u00edtulo personal, agradezco la oportunidad de haberla conocido y trabajado con ella.&nbsp;Nos har\u00e1 falta.<\/p>\n\n\n\n<p class=\"has-text-align-right\">Vanessa Kosberg Feldman<\/p>\n\n\n\n<p class=\"has-text-align-right\">CSR Champion de Signify<\/p>\n\n\n\n<div style=\"height:var(--wp--preset--spacing--10)\" aria-hidden=\"true\" class=\"wp-block-spacer\"><\/div>\n<\/div>\n<\/div>\n","protected":false},"excerpt":{"rendered":"<p>Vanessa Kosberg Feldman Trabajar con personas como Vivian es un privilegio.&nbsp;Pili Baz\u00e1n nos present\u00f3, sabiendo que con el apoyo de Vivi, su equipo y AMSOC, el proyecto de Signify tendr\u00eda un mayor impacto\u2026 y as\u00ed fue. Siempre clara, elocuente, buscando c\u00f3mo sumar y pensando en alianzas que pudieran repercutir de modo positivo en las vidas [&hellip;]<\/p>\n","protected":false},"author":1,"featured_media":0,"parent":0,"menu_order":0,"comment_status":"closed","ping_status":"closed","template":"","meta":{"footnotes":""},"class_list":["post-362","page","type-page","status-publish","hentry"],"_links":{"self":[{"href":"http:\/\/vivianbardavid.com\/index.php?rest_route=\/wp\/v2\/pages\/362","targetHints":{"allow":["GET"]}}],"collection":[{"href":"http:\/\/vivianbardavid.com\/index.php?rest_route=\/wp\/v2\/pages"}],"about":[{"href":"http:\/\/vivianbardavid.com\/index.php?rest_route=\/wp\/v2\/types\/page"}],"author":[{"embeddable":true,"href":"http:\/\/vivianbardavid.com\/index.php?rest_route=\/wp\/v2\/users\/1"}],"replies":[{"embeddable":true,"href":"http:\/\/vivianbardavid.com\/index.php?rest_route=%2Fwp%2Fv2%2Fcomments&post=362"}],"version-history":[{"count":2,"href":"http:\/\/vivianbardavid.com\/index.php?rest_route=\/wp\/v2\/pages\/362\/revisions"}],"predecessor-version":[{"id":824,"href":"http:\/\/vivianbardavid.com\/index.php?rest_route=\/wp\/v2\/pages\/362\/revisions\/824"}],"wp:attachment":[{"href":"http:\/\/vivianbardavid.com\/index.php?rest_route=%2Fwp%2Fv2%2Fmedia&parent=362"}],"curies":[{"name":"wp","href":"https:\/\/api.w.org\/{rel}","templated":true}]}}