{"id":367,"date":"2024-01-22T19:17:01","date_gmt":"2024-01-22T19:17:01","guid":{"rendered":"http:\/\/vivianbardavid.com\/?page_id=367"},"modified":"2024-11-15T01:37:54","modified_gmt":"2024-11-15T01:37:54","slug":"carlos-gorshtein","status":"publish","type":"page","link":"http:\/\/vivianbardavid.com\/?page_id=367","title":{"rendered":"Carlos Gorshtein"},"content":{"rendered":"\n<div class=\"wp-block-group alignfull has-background has-global-padding is-layout-constrained wp-container-core-group-is-layout-cf6d0cc3 wp-block-group-is-layout-constrained\" style=\"background-color:#f4f4fd;min-height:100vh;margin-top:0;margin-bottom:0;padding-top:var(--wp--preset--spacing--40);padding-right:0;padding-bottom:var(--wp--preset--spacing--40);padding-left:0\">\n<div class=\"wp-block-group has-global-padding is-layout-constrained wp-container-core-group-is-layout-fc54cf0f wp-block-group-is-layout-constrained\">\n<h2 class=\"wp-block-heading has-text-align-center has-text-color has-link-color wp-elements-72a4f058f083fa1ec8f88a6cbd8d1291\" style=\"color:#8d85ae\">Carlos Gorshtein<\/h2>\n\n\n\n<div style=\"height:15px\" aria-hidden=\"true\" class=\"wp-block-spacer\"><\/div>\n\n\n\n<p>Antes que nada lamento muchisimo la partida de nuestra querida Vivian a quien conoci desde el Colegio Columbia donde estudio 3 a\u00f1os arriba de m\u00ed junto con mi prima Vivian Braun, y obviamente hermana de mi querido amigo Jack.<\/p>\n\n\n\n<p>Si alguna cualidad tenia nuestra querida Vivian era la persistencia y la b\u00fasqueda de la perfeccion! Durante varios a\u00f1os tuve la fortuna de trabajar con ella como toda una profesional&nbsp; en el tema inmobiliario, ya que ella nos apoy\u00f3 en la renta y venta de algunos de nuestros desarrollos.<\/p>\n\n\n\n<p>Recuerdo perfecto que era la representante de Dell Computers y Dell no queria tratar con nadie m\u00e1s que no fuese Vivian, ya que los estudios de mercado que les hacia para poder comparar precios de la zona, calidad de los edificios, tiempos de traslado del personal, servicios alrededor para empleados, etc., eran de lo m\u00e1s precisos y completos!! Siempre poniendo los pros y cons para que sus clientes pudiesen tomar las mejores decisiones.<\/p>\n\n\n\n<p>Era \u00edntegra en todos los sentidos. Aunque renunciara a temas econ\u00f3micos, dej\u00f3 de representar a edificios cuyos due\u00f1os, aunque pudieran tener los mejores inmuebles, si no compartian los valores que ella buscaba, ni se los ense\u00f1aba a sus clientes para ahorrarles el d\u00eda de ma\u00f1ana un problema!<\/p>\n\n\n\n<p>Una mujer super amable, linda, inteligente, siempre echada para adelante, multitasking con varios emprendimientos.<\/p>\n\n\n\n<p>Pero lo mas valioso de Vivian era su corazon! Si lograbas pasar todas las pruebas que ella te ponia, entonces ya podias ser su amigo de verdad!!<\/p>\n\n\n\n<p>Sin duda Vivian, que se encuentra hoy en otro lugar, ahi tambien seguira escalando hasta lo m\u00e1s alto.<\/p>\n\n\n\n<p>La vamos a extra\u00f1ar mucho.<\/p>\n\n\n\n<p>Con mucho cari\u00f1o,<\/p>\n\n\n\n<p>Carlos Gorshtein<\/p>\n\n\n\n<div style=\"height:var(--wp--preset--spacing--10)\" aria-hidden=\"true\" class=\"wp-block-spacer\"><\/div>\n\n\n\n<div class=\"wp-block-buttons is-content-justification-center is-layout-flex wp-container-core-buttons-is-layout-a89b3969 wp-block-buttons-is-layout-flex\"><\/div>\n<\/div>\n<\/div>\n","protected":false},"excerpt":{"rendered":"<p>Carlos Gorshtein Antes que nada lamento muchisimo la partida de nuestra querida Vivian a quien conoci desde el Colegio Columbia donde estudio 3 a\u00f1os arriba de m\u00ed junto con mi prima Vivian Braun, y obviamente hermana de mi querido amigo Jack. Si alguna cualidad tenia nuestra querida Vivian era la persistencia y la b\u00fasqueda de [&hellip;]<\/p>\n","protected":false},"author":1,"featured_media":0,"parent":0,"menu_order":0,"comment_status":"closed","ping_status":"closed","template":"","meta":{"footnotes":""},"class_list":["post-367","page","type-page","status-publish","hentry"],"_links":{"self":[{"href":"http:\/\/vivianbardavid.com\/index.php?rest_route=\/wp\/v2\/pages\/367","targetHints":{"allow":["GET"]}}],"collection":[{"href":"http:\/\/vivianbardavid.com\/index.php?rest_route=\/wp\/v2\/pages"}],"about":[{"href":"http:\/\/vivianbardavid.com\/index.php?rest_route=\/wp\/v2\/types\/page"}],"author":[{"embeddable":true,"href":"http:\/\/vivianbardavid.com\/index.php?rest_route=\/wp\/v2\/users\/1"}],"replies":[{"embeddable":true,"href":"http:\/\/vivianbardavid.com\/index.php?rest_route=%2Fwp%2Fv2%2Fcomments&post=367"}],"version-history":[{"count":2,"href":"http:\/\/vivianbardavid.com\/index.php?rest_route=\/wp\/v2\/pages\/367\/revisions"}],"predecessor-version":[{"id":825,"href":"http:\/\/vivianbardavid.com\/index.php?rest_route=\/wp\/v2\/pages\/367\/revisions\/825"}],"wp:attachment":[{"href":"http:\/\/vivianbardavid.com\/index.php?rest_route=%2Fwp%2Fv2%2Fmedia&parent=367"}],"curies":[{"name":"wp","href":"https:\/\/api.w.org\/{rel}","templated":true}]}}