{"id":374,"date":"2024-01-22T19:33:22","date_gmt":"2024-01-22T19:33:22","guid":{"rendered":"http:\/\/vivianbardavid.com\/?page_id=374"},"modified":"2024-11-15T01:41:54","modified_gmt":"2024-11-15T01:41:54","slug":"sari-romano","status":"publish","type":"page","link":"http:\/\/vivianbardavid.com\/?page_id=374","title":{"rendered":"Sari Romano"},"content":{"rendered":"\n<div class=\"wp-block-group alignfull has-background has-global-padding is-layout-constrained wp-container-core-group-is-layout-965cffd9 wp-block-group-is-layout-constrained\" style=\"background-color:#f4f4fd;min-height:100vh;padding-top:var(--wp--preset--spacing--40);padding-right:var(--wp--preset--spacing--10);padding-bottom:var(--wp--preset--spacing--40);padding-left:var(--wp--preset--spacing--10)\">\n<div class=\"wp-block-group has-global-padding is-layout-constrained wp-container-core-group-is-layout-55a0b918 wp-block-group-is-layout-constrained\">\n<h2 class=\"wp-block-heading has-text-align-center has-text-color has-link-color wp-elements-d39958b4732de8bd6c333814530b9939\" style=\"color:#8d85ae\">Sari Romano<\/h2>\n\n\n\n<div style=\"height:24px\" aria-hidden=\"true\" class=\"wp-block-spacer\"><\/div>\n\n\n\n<p>Buen d\u00eda mi Jackie Precioso. Estoy en Tulum y fue un dolor de verdad indescriptible del alma, me dol\u00eda mucho estar lejos, no poder estar presente, no poder despedirme de Vivi y agradecerle por toda la luz que trajo a mi vida desde el primer momento que la conoc\u00ed.<\/p>\n\n\n\n<p>Pensaba y pensaba todo el tiempo en ella, y nos fuimos a una playa. A las 3 en punto dije, &#8220;voy a leer alguno de los mensajes que Vivi me escribi\u00f3; quiero estar con ella, conectarme de alguna manera&#8221;, porque estaba yo muy muy triste. Yo sab\u00eda que que no ten\u00eda internet, pero dije, &#8220;quiero estar en contacto con sus palabras con su amor&#8221;, y abro el WhatsApp y en ese momento justo veo un mensaje de Vivi, que fue tu mensaje que avisabas de lo del pante\u00f3n, y me impact\u00f3 mucho recibirlo en ese momento.<\/p>\n\n\n\n<p>Despu\u00e9s me puse a leer cosas que Vivi me hab\u00eda escrito. Me encontr\u00e9 dos muy, muy hermosas que te las voy a compartir y me llen\u00e9 de ella, empec\u00e9 a conectarme con ella hablar con ella. Le agradec\u00ed.<\/p>\n\n\n\n<p>Y volaban un mont\u00f3n de aves todo el tiempo, todo el tiempo, y simplemente en mi coraz\u00f3n les ped\u00eda que acompa\u00f1aran a Vivi, que no me la dejaran sola, que su vuelo sea f\u00e1cil, que Dios la reciba con los brazos abiertos, con mucho amor, como ella se merece, porque eso fue Vivi: fue una mujer que nunca cerr\u00f3 sus brazos para nadie, siempre los ten\u00eda abiertos para dar, para contener, para brindar mucho amor, para ayudar, para iluminar, para alegrar, con un coraz\u00f3n muy hermoso. Y le dec\u00eda a Vivi &#8220;vuela alto&#8221;. Ve\u00eda ave y aves y nada m\u00e1s dec\u00eda &#8220;Vivi, vuela alto, vuela alto&#8221;.<\/p>\n\n\n\n<p>Mi Jackie, recuerdo nuestros encuentros con Vivi. Su trabajo era importante, pero no era todo en su vida. T\u00fa eras todo en su vida. Si ella fue la mujer m\u00e1s feliz m\u00e1s plena, fue gracias a ti; siempre me hablaba de ti, &#8216;mi Esposito Precioso&#8217;. Cuando hablamos temprano, a las 7 de la ma\u00f1ana que me hablaba todos los d\u00edas, me dec\u00eda &#8216;d\u00e9jame despedir a mi Esposito Precioso&#8217;. Me platicaba de tus detalles, de la forma en que se festejaron sus cumplea\u00f1os. Creo que en eso se basaba gran parte de su pl\u00e1tica: hablar del gran amor de su vida, de su mayor riqueza. Eso eras t\u00fa en la vida de Vivi. Y yo creo que debes sentirte muy afortunado de haber tenido una mujer tan hermosa, tan noble, tan aut\u00e9ntica con el coraz\u00f3n m\u00e1s m\u00e1s grande del mundo.<\/p>\n\n\n\n<p>Me duele el alma que se haya ido tan joven, pero tambi\u00e9n a veces pienso que Dios necesitaba un \u00e1ngel como ella, porque Vivi iluminaba el mundo. Para Vivi todo lo que nosotros le platic\u00e1bamos era importante. A lo mejor yo le platicaba tonter\u00edas, o le compart\u00ed alguna de mis canciones y Vivi simplemente sonre\u00eda como si fueran de ella. Cosas de mis hijos, de mis nietos, no sabes la alegr\u00eda de Vivi. Se alegraba por las alegr\u00edas de los dem\u00e1s, por los \u00e9xitos de los dem\u00e1s, y es imposible describir a Vivi en palabras.<\/p>\n\n\n\n<p>Cuando yo empezaba mis canciones, Vivi me regal\u00f3 una cajita chiquita con clips, me regalo el portafolio donde tengo todas mis cosas guardadas, me regal\u00f3 un cuaderno especial para escribir, me regal\u00f3 l\u00e1pices, me regal\u00f3 gomas. Ella sab\u00eda que soy creativa pero que no tengo orden en mi cabeza, y ella siempre me ayudaba a poner el orden. Y justo el lunes que estuve muy en contacto con ella, y que le\u00ed sus notas que hablan de mis canciones o de mi creatividad, dije, &#8220;tengo que realizar este proyecto, tengo que sacar al mundo mis canciones, iluminar el mundo con este don que yo siento que Dios me dio&#8221;. Y le\u00ed las palabras de Vivi y no tienes una idea la fuerza que me dieron. Ella, que siempre crey\u00f3 en mi, me impulso en mis sentimientos en mis locuras, todo me lo aplaud\u00eda, todo el tiempo me dec\u00eda que me admiraba, que me quiere mucho y solo Vivi ten\u00eda esa capacidad de ver todo lo bueno en todas las personas, y quiz\u00e1s hay cosas que no son tan buenas, pero&nbsp; ella siempre las ve\u00eda hermosas.<\/p>\n\n\n\n<p>Su forma de ayudar a todos y estar pendiente de los hijos de Eduardo, su hermano, que eran una de sus mayores preocupaciones. Vivi era un \u00c1ngel, con una luz, un amor indescriptibles.<\/p>\n\n\n\n<p>Jackie, te abrazo con el alma, con todo mi coraz\u00f3n. Te mando muchos, muchos besos y todo mi amor. Que Dios te bendiga, Jackie. Que puedas encontrar que esta luz de Vivi te acompa\u00f1a siempre porque as\u00ed como para Vivi t\u00fa lo eras todo, estoy segura que ella era todo para ti, y va a estar siempre a tu lado; de eso estoy segura. Estoy segura que nunca, nunca te va a soltar porque tu eres parte de ella, ella va a estar iluminando tu camino en todo momento.<\/p>\n\n\n\n<div style=\"height:27px\" aria-hidden=\"true\" class=\"wp-block-spacer\"><\/div>\n\n\n\n<figure class=\"wp-block-image aligncenter size-large is-resized\"><img loading=\"lazy\" decoding=\"async\" width=\"740\" height=\"1024\" src=\"http:\/\/vivianbardavid.com\/wp-content\/uploads\/2024\/01\/Testimonio04-740x1024.jpg\" alt=\"\" class=\"wp-image-375\" style=\"width:548px;height:auto\" srcset=\"http:\/\/vivianbardavid.com\/wp-content\/uploads\/2024\/01\/Testimonio04-740x1024.jpg 740w, http:\/\/vivianbardavid.com\/wp-content\/uploads\/2024\/01\/Testimonio04-217x300.jpg 217w, http:\/\/vivianbardavid.com\/wp-content\/uploads\/2024\/01\/Testimonio04-768x1062.jpg 768w, http:\/\/vivianbardavid.com\/wp-content\/uploads\/2024\/01\/Testimonio04-1111x1536.jpg 1111w, http:\/\/vivianbardavid.com\/wp-content\/uploads\/2024\/01\/Testimonio04.jpg 1157w\" sizes=\"auto, (max-width: 740px) 100vw, 740px\" \/><\/figure>\n\n\n\n<div style=\"height:25px\" aria-hidden=\"true\" class=\"wp-block-spacer\"><\/div>\n\n\n\n<figure class=\"wp-block-image aligncenter size-large is-resized\"><img loading=\"lazy\" decoding=\"async\" width=\"762\" height=\"1024\" src=\"http:\/\/vivianbardavid.com\/wp-content\/uploads\/2024\/01\/Testimonio05-762x1024.jpg\" alt=\"\" class=\"wp-image-376\" style=\"width:573px;height:auto\" srcset=\"http:\/\/vivianbardavid.com\/wp-content\/uploads\/2024\/01\/Testimonio05-762x1024.jpg 762w, http:\/\/vivianbardavid.com\/wp-content\/uploads\/2024\/01\/Testimonio05-223x300.jpg 223w, http:\/\/vivianbardavid.com\/wp-content\/uploads\/2024\/01\/Testimonio05-768x1032.jpg 768w, http:\/\/vivianbardavid.com\/wp-content\/uploads\/2024\/01\/Testimonio05-1143x1536.jpg 1143w, http:\/\/vivianbardavid.com\/wp-content\/uploads\/2024\/01\/Testimonio05.jpg 1191w\" sizes=\"auto, (max-width: 762px) 100vw, 762px\" \/><\/figure>\n\n\n\n<div style=\"height:25px\" aria-hidden=\"true\" class=\"wp-block-spacer\"><\/div>\n\n\n\n<figure class=\"wp-block-image aligncenter size-large is-resized\"><img loading=\"lazy\" decoding=\"async\" width=\"1024\" height=\"661\" src=\"http:\/\/vivianbardavid.com\/wp-content\/uploads\/2024\/01\/Testimonio06-1024x661.jpg\" alt=\"\" class=\"wp-image-377\" style=\"width:652px;height:auto\" srcset=\"http:\/\/vivianbardavid.com\/wp-content\/uploads\/2024\/01\/Testimonio06-1024x661.jpg 1024w, http:\/\/vivianbardavid.com\/wp-content\/uploads\/2024\/01\/Testimonio06-300x194.jpg 300w, http:\/\/vivianbardavid.com\/wp-content\/uploads\/2024\/01\/Testimonio06-768x496.jpg 768w, http:\/\/vivianbardavid.com\/wp-content\/uploads\/2024\/01\/Testimonio06.jpg 1425w\" sizes=\"auto, (max-width: 1024px) 100vw, 1024px\" \/><\/figure>\n<\/div>\n<\/div>\n","protected":false},"excerpt":{"rendered":"<p>Sari Romano Buen d\u00eda mi Jackie Precioso. Estoy en Tulum y fue un dolor de verdad indescriptible del alma, me dol\u00eda mucho estar lejos, no poder estar presente, no poder despedirme de Vivi y agradecerle por toda la luz que trajo a mi vida desde el primer momento que la conoc\u00ed. Pensaba y pensaba todo [&hellip;]<\/p>\n","protected":false},"author":1,"featured_media":0,"parent":0,"menu_order":0,"comment_status":"closed","ping_status":"closed","template":"","meta":{"footnotes":""},"class_list":["post-374","page","type-page","status-publish","hentry"],"_links":{"self":[{"href":"http:\/\/vivianbardavid.com\/index.php?rest_route=\/wp\/v2\/pages\/374","targetHints":{"allow":["GET"]}}],"collection":[{"href":"http:\/\/vivianbardavid.com\/index.php?rest_route=\/wp\/v2\/pages"}],"about":[{"href":"http:\/\/vivianbardavid.com\/index.php?rest_route=\/wp\/v2\/types\/page"}],"author":[{"embeddable":true,"href":"http:\/\/vivianbardavid.com\/index.php?rest_route=\/wp\/v2\/users\/1"}],"replies":[{"embeddable":true,"href":"http:\/\/vivianbardavid.com\/index.php?rest_route=%2Fwp%2Fv2%2Fcomments&post=374"}],"version-history":[{"count":2,"href":"http:\/\/vivianbardavid.com\/index.php?rest_route=\/wp\/v2\/pages\/374\/revisions"}],"predecessor-version":[{"id":827,"href":"http:\/\/vivianbardavid.com\/index.php?rest_route=\/wp\/v2\/pages\/374\/revisions\/827"}],"wp:attachment":[{"href":"http:\/\/vivianbardavid.com\/index.php?rest_route=%2Fwp%2Fv2%2Fmedia&parent=374"}],"curies":[{"name":"wp","href":"https:\/\/api.w.org\/{rel}","templated":true}]}}