{"id":387,"date":"2024-01-22T20:40:44","date_gmt":"2024-01-22T20:40:44","guid":{"rendered":"http:\/\/vivianbardavid.com\/?page_id=387"},"modified":"2024-11-15T01:50:09","modified_gmt":"2024-11-15T01:50:09","slug":"david-cheirif","status":"publish","type":"page","link":"http:\/\/vivianbardavid.com\/?page_id=387","title":{"rendered":"David Cheirif"},"content":{"rendered":"\n<div class=\"wp-block-group alignfull has-background is-vertical is-content-justification-center is-layout-flex wp-container-core-group-is-layout-b065e3e9 wp-block-group-is-layout-flex\" style=\"background-color:#f4f4fd;min-height:100vh;margin-top:0;margin-bottom:0;padding-top:var(--wp--preset--spacing--40);padding-right:0;padding-bottom:var(--wp--preset--spacing--40);padding-left:0\">\n<div class=\"wp-block-group has-global-padding is-layout-constrained wp-container-core-group-is-layout-fc54cf0f wp-block-group-is-layout-constrained\">\n<h2 class=\"wp-block-heading has-text-align-center has-text-color has-link-color wp-elements-4e5f79fae5d841e718ac84a23e938dd8\" style=\"color:#8d85ae\">David Cheirif<\/h2>\n\n\n\n<div style=\"height:25px\" aria-hidden=\"true\" class=\"wp-block-spacer\"><\/div>\n\n\n\n<p>Desde ni\u00f1o Vivi siempre fu\u00e9 muy atenta conmigo cuando ten\u00edamos oportunidad de vernos en las viejas cenas de shabat, seders y dem\u00e1s eventos familiares. Siempre reconoc\u00eda mis avances en crecimiento f\u00edsico y me hac\u00eda sentir muy bien, lo mismo en mis avances profesionales y personales cuando fu\u00ed mayor. Cuando Jenny lleg\u00f3 a la familia, la llen\u00f3 de atenciones y me encant\u00f3 que era la t\u00eda con la que se iba a comer o desayunar, siempre siendo una excelente influencia y dando mucha calidez.<\/p>\n\n\n\n<p>Un detalle importante reciente que tambi\u00e9n ilustraba lo super atenta, linda y preciosa de Vivi fue cuando por salud tuve que temporalmente dejar el Gluten. Apenas se enter\u00f3 y como ella era experta en vivir sin gluten, hizo 2 cosas increibles:<\/p>\n\n\n\n<p>1) Inesperadamente me lleg\u00f3 un paquetote de productos gluten free que har\u00eda mi dieta mucho mas llevadera y 2) Le di\u00f3 a Jenny una c\u00e1tedra, directorio e instrucciones de c\u00f3mo conseguir esto y m\u00e1s.<\/p>\n\n\n\n<p>Sin duda se sent\u00eda su cari\u00f1o hacia mi, mi familia y la familia en general. La vamos a extra\u00f1ar mucho y estamos seguros que est\u00e1 en un lugar muy, muy alto donde esperamos en alg\u00fan momento re-encontrarla.<\/p>\n\n\n\n<p class=\"has-text-align-right\">David<\/p>\n\n\n\n<div style=\"height:var(--wp--preset--spacing--10)\" aria-hidden=\"true\" class=\"wp-block-spacer\"><\/div>\n<\/div>\n<\/div>\n","protected":false},"excerpt":{"rendered":"<p>David Cheirif Desde ni\u00f1o Vivi siempre fu\u00e9 muy atenta conmigo cuando ten\u00edamos oportunidad de vernos en las viejas cenas de shabat, seders y dem\u00e1s eventos familiares. Siempre reconoc\u00eda mis avances en crecimiento f\u00edsico y me hac\u00eda sentir muy bien, lo mismo en mis avances profesionales y personales cuando fu\u00ed mayor. Cuando Jenny lleg\u00f3 a la [&hellip;]<\/p>\n","protected":false},"author":1,"featured_media":0,"parent":0,"menu_order":0,"comment_status":"closed","ping_status":"closed","template":"","meta":{"footnotes":""},"class_list":["post-387","page","type-page","status-publish","hentry"],"_links":{"self":[{"href":"http:\/\/vivianbardavid.com\/index.php?rest_route=\/wp\/v2\/pages\/387","targetHints":{"allow":["GET"]}}],"collection":[{"href":"http:\/\/vivianbardavid.com\/index.php?rest_route=\/wp\/v2\/pages"}],"about":[{"href":"http:\/\/vivianbardavid.com\/index.php?rest_route=\/wp\/v2\/types\/page"}],"author":[{"embeddable":true,"href":"http:\/\/vivianbardavid.com\/index.php?rest_route=\/wp\/v2\/users\/1"}],"replies":[{"embeddable":true,"href":"http:\/\/vivianbardavid.com\/index.php?rest_route=%2Fwp%2Fv2%2Fcomments&post=387"}],"version-history":[{"count":2,"href":"http:\/\/vivianbardavid.com\/index.php?rest_route=\/wp\/v2\/pages\/387\/revisions"}],"predecessor-version":[{"id":831,"href":"http:\/\/vivianbardavid.com\/index.php?rest_route=\/wp\/v2\/pages\/387\/revisions\/831"}],"wp:attachment":[{"href":"http:\/\/vivianbardavid.com\/index.php?rest_route=%2Fwp%2Fv2%2Fmedia&parent=387"}],"curies":[{"name":"wp","href":"https:\/\/api.w.org\/{rel}","templated":true}]}}