{"id":396,"date":"2024-01-22T22:41:01","date_gmt":"2024-01-22T22:41:01","guid":{"rendered":"http:\/\/vivianbardavid.com\/?page_id=396"},"modified":"2024-11-15T02:03:48","modified_gmt":"2024-11-15T02:03:48","slug":"maty-perez-grau","status":"publish","type":"page","link":"http:\/\/vivianbardavid.com\/?page_id=396","title":{"rendered":"Maty P\u00e9rez Grau"},"content":{"rendered":"\n<div class=\"wp-block-group alignfull has-background is-vertical is-content-justification-center is-layout-flex wp-container-core-group-is-layout-623b1cb9 wp-block-group-is-layout-flex\" style=\"background-color:#f4f4fd;min-height:100vh;margin-top:0;margin-bottom:0;padding-top:var(--wp--preset--spacing--60);padding-right:var(--wp--preset--spacing--50);padding-bottom:var(--wp--preset--spacing--60);padding-left:var(--wp--preset--spacing--50)\">\n<div class=\"wp-block-group has-global-padding is-layout-constrained wp-container-core-group-is-layout-fc54cf0f wp-block-group-is-layout-constrained\">\n<h2 class=\"wp-block-heading has-text-align-center has-text-color has-link-color wp-elements-32abb6f2c5b0846d5d44316fff3f24a9\" style=\"color:#8d85ae\">Maty P\u00e9rez Grau<\/h2>\n\n\n\n<div style=\"height:25px\" aria-hidden=\"true\" class=\"wp-block-spacer\"><\/div>\n\n\n\n<p>Ser excepcional fue Viv\u00ed, una gran persona en todos aspectos llena de energ\u00eda, calidez , amor y deseo por mejorar la vida de los dem\u00e1s a trav\u00e9s de su trabajo altruista .<\/p>\n\n\n\n<p>Toc\u00f3 la vida de muchos de nosostros para bien.Siempre ser\u00e1 mi ejemplo a seguir, para ver el lado bueno de las cosas, para luchar por lo que deseamos para nosotros y para que este sea un mundo mejor.<\/p>\n\n\n\n<p>Te felicito Jackie por que no todos tienen la bendici\u00f3n de pasar gran parte de su vida al lado de una gran mujer como Viv\u00edan , se que la vas a extra\u00f1ar pero tambi\u00e9n se que siempre caminar\u00e1 a tu lado y que si hizo tanto en la tierra, qu\u00e9 no podr\u00e1 hacer desde el cielo .<\/p>\n\n\n\n<p>Un abrazo lleno de cari\u00f1o para mi querida amiga hasta el cielo. Siempre te llevar\u00e9 en mi coraz\u00f3n.<\/p>\n\n\n\n<p class=\"has-text-align-right\">Maty<\/p>\n<\/div>\n<\/div>\n","protected":false},"excerpt":{"rendered":"<p>Maty P\u00e9rez Grau Ser excepcional fue Viv\u00ed, una gran persona en todos aspectos llena de energ\u00eda, calidez , amor y deseo por mejorar la vida de los dem\u00e1s a trav\u00e9s de su trabajo altruista . Toc\u00f3 la vida de muchos de nosostros para bien.Siempre ser\u00e1 mi ejemplo a seguir, para ver el lado bueno de [&hellip;]<\/p>\n","protected":false},"author":1,"featured_media":0,"parent":0,"menu_order":0,"comment_status":"closed","ping_status":"closed","template":"","meta":{"footnotes":""},"class_list":["post-396","page","type-page","status-publish","hentry"],"_links":{"self":[{"href":"http:\/\/vivianbardavid.com\/index.php?rest_route=\/wp\/v2\/pages\/396","targetHints":{"allow":["GET"]}}],"collection":[{"href":"http:\/\/vivianbardavid.com\/index.php?rest_route=\/wp\/v2\/pages"}],"about":[{"href":"http:\/\/vivianbardavid.com\/index.php?rest_route=\/wp\/v2\/types\/page"}],"author":[{"embeddable":true,"href":"http:\/\/vivianbardavid.com\/index.php?rest_route=\/wp\/v2\/users\/1"}],"replies":[{"embeddable":true,"href":"http:\/\/vivianbardavid.com\/index.php?rest_route=%2Fwp%2Fv2%2Fcomments&post=396"}],"version-history":[{"count":2,"href":"http:\/\/vivianbardavid.com\/index.php?rest_route=\/wp\/v2\/pages\/396\/revisions"}],"predecessor-version":[{"id":834,"href":"http:\/\/vivianbardavid.com\/index.php?rest_route=\/wp\/v2\/pages\/396\/revisions\/834"}],"wp:attachment":[{"href":"http:\/\/vivianbardavid.com\/index.php?rest_route=%2Fwp%2Fv2%2Fmedia&parent=396"}],"curies":[{"name":"wp","href":"https:\/\/api.w.org\/{rel}","templated":true}]}}