{"id":402,"date":"2024-01-22T22:49:39","date_gmt":"2024-01-22T22:49:39","guid":{"rendered":"http:\/\/vivianbardavid.com\/?page_id=402"},"modified":"2024-11-15T02:22:11","modified_gmt":"2024-11-15T02:22:11","slug":"doris-stempa","status":"publish","type":"page","link":"http:\/\/vivianbardavid.com\/?page_id=402","title":{"rendered":"Doris Stempa"},"content":{"rendered":"\n<div class=\"wp-block-group alignfull has-background is-vertical is-content-justification-center is-layout-flex wp-container-core-group-is-layout-c0285b11 wp-block-group-is-layout-flex\" style=\"background-color:#f4f4fd;min-height:81vh;margin-top:0;margin-bottom:0;padding-top:var(--wp--preset--spacing--20);padding-right:var(--wp--preset--spacing--50);padding-bottom:var(--wp--preset--spacing--20);padding-left:var(--wp--preset--spacing--50)\">\n<div class=\"wp-block-group has-global-padding is-layout-constrained wp-container-core-group-is-layout-722095d7 wp-block-group-is-layout-constrained\">\n<h2 class=\"wp-block-heading has-text-align-center has-text-color has-link-color wp-elements-566bc21a6df1e7fce16338e603a10956\" style=\"color:#8d85ae\">Doris Stempa<\/h2>\n\n\n\n<div style=\"height:25px\" aria-hidden=\"true\" class=\"wp-block-spacer\"><\/div>\n\n\n\n<p>Mi querida Vivi,<\/p>\n\n\n\n<p>Hay personas que nacen con la bondad en las sangre, otras personas se van haciendo y adquiriendo valores morales y la bondad la van adquiriendo\u2026 T\u00fa naciste llena de bondad, noble, con un gran sentido de ayuda al pr\u00f3ximo .. Debemos tomar tu ejemplo aunque solo hagamos un poquito de lo mucho que t\u00fa haces por los dem\u00e1s.<\/p>\n\n\n\n<p>Aprend\u00ed mucho de ti, fuiste un gran ejemplo a seguir. Con tu actuar del d\u00eda a d\u00eda VIVI SIGUE VIVA EN NUESTRO CORAZ\u00d3N.<\/p>\n\n\n\n<p>Doris<\/p>\n<\/div>\n<\/div>\n","protected":false},"excerpt":{"rendered":"<p>Doris Stempa Mi querida Vivi, Hay personas que nacen con la bondad en las sangre, otras personas se van haciendo y adquiriendo valores morales y la bondad la van adquiriendo\u2026 T\u00fa naciste llena de bondad, noble, con un gran sentido de ayuda al pr\u00f3ximo .. Debemos tomar tu ejemplo aunque solo hagamos un poquito de [&hellip;]<\/p>\n","protected":false},"author":1,"featured_media":0,"parent":0,"menu_order":0,"comment_status":"closed","ping_status":"closed","template":"","meta":{"footnotes":""},"class_list":["post-402","page","type-page","status-publish","hentry"],"_links":{"self":[{"href":"http:\/\/vivianbardavid.com\/index.php?rest_route=\/wp\/v2\/pages\/402","targetHints":{"allow":["GET"]}}],"collection":[{"href":"http:\/\/vivianbardavid.com\/index.php?rest_route=\/wp\/v2\/pages"}],"about":[{"href":"http:\/\/vivianbardavid.com\/index.php?rest_route=\/wp\/v2\/types\/page"}],"author":[{"embeddable":true,"href":"http:\/\/vivianbardavid.com\/index.php?rest_route=\/wp\/v2\/users\/1"}],"replies":[{"embeddable":true,"href":"http:\/\/vivianbardavid.com\/index.php?rest_route=%2Fwp%2Fv2%2Fcomments&post=402"}],"version-history":[{"count":2,"href":"http:\/\/vivianbardavid.com\/index.php?rest_route=\/wp\/v2\/pages\/402\/revisions"}],"predecessor-version":[{"id":836,"href":"http:\/\/vivianbardavid.com\/index.php?rest_route=\/wp\/v2\/pages\/402\/revisions\/836"}],"wp:attachment":[{"href":"http:\/\/vivianbardavid.com\/index.php?rest_route=%2Fwp%2Fv2%2Fmedia&parent=402"}],"curies":[{"name":"wp","href":"https:\/\/api.w.org\/{rel}","templated":true}]}}