{"id":421,"date":"2024-01-22T23:22:46","date_gmt":"2024-01-22T23:22:46","guid":{"rendered":"http:\/\/vivianbardavid.com\/?page_id=421"},"modified":"2024-11-15T02:27:43","modified_gmt":"2024-11-15T02:27:43","slug":"adriana-blanco","status":"publish","type":"page","link":"http:\/\/vivianbardavid.com\/?page_id=421","title":{"rendered":"Adriana Blanco"},"content":{"rendered":"\n<div class=\"wp-block-group alignfull has-background is-vertical is-content-justification-center is-layout-flex wp-container-core-group-is-layout-623b1cb9 wp-block-group-is-layout-flex\" style=\"background-color:#f4f4fd;min-height:100vh;margin-top:0;margin-bottom:0;padding-top:var(--wp--preset--spacing--60);padding-right:var(--wp--preset--spacing--50);padding-bottom:var(--wp--preset--spacing--60);padding-left:var(--wp--preset--spacing--50)\">\n<div class=\"wp-block-group has-global-padding is-layout-constrained wp-block-group-is-layout-constrained\">\n<h2 class=\"wp-block-heading has-text-align-center has-text-color has-link-color wp-elements-0b60c5076c8d37e0c5df082afadc6742\" style=\"color:#8d85ae\">Adriana Blanco<\/h2>\n\n\n\n<div style=\"height:27px\" aria-hidden=\"true\" class=\"wp-block-spacer\"><\/div>\n\n\n\n<p>Tuve la fortuna de cruzarme por el camino de Vivian hace cerca de 5 a\u00f1os. Digo fortuna, pues estoy segura que oportunidades como \u00e9sta pasan rara vez y es que seres llenos de luz, capaces de dejar una estela de paz, amor por donde pasan y que adem\u00e1s, te conminan a ser siempre una mejor versi\u00f3n de ti, son escasas; de lo contrario, este ser\u00eda un mejor lugar para todos.<\/p>\n\n\n\n<p>Puede sonar un poco exagerado decir estas cosas de una persona y estoy de acuerdo, pero Vivian es excepcional.Mientras todos so\u00f1amos con un mundo mejor, m\u00e1s justo y equitativo, mi querid\u00edsima Vivian se levantaba todos los d\u00edas de madrugada para irlo construyendo, con esa capacidad \u00fanica de generar consensos y alianzas para multiplicar la ayuda, siempre con una sonrisa radiante y hermosas palabras de cari\u00f1o para todos.<\/p>\n\n\n\n<p>Muchas veces le coment\u00e9 que aunque soy atea, hacia temblar mis creencias, pues si existen los \u00e1ngeles, ella claramente es uno.<\/p>\n\n\n\n<p>Vuela alto querida Vivian. Que tu luz nos siga cubriendo para que cada obra de amor al pr\u00f3jimo sea un recordatorio de tu legado, que vivir\u00e1 por siempre en todos los corazones que tocaste en esta tierra.<\/p>\n\n\n\n<p class=\"has-text-align-right\">Adriana<\/p>\n<\/div>\n<\/div>\n","protected":false},"excerpt":{"rendered":"<p>Adriana Blanco Tuve la fortuna de cruzarme por el camino de Vivian hace cerca de 5 a\u00f1os. Digo fortuna, pues estoy segura que oportunidades como \u00e9sta pasan rara vez y es que seres llenos de luz, capaces de dejar una estela de paz, amor por donde pasan y que adem\u00e1s, te conminan a ser siempre [&hellip;]<\/p>\n","protected":false},"author":1,"featured_media":0,"parent":0,"menu_order":0,"comment_status":"closed","ping_status":"closed","template":"","meta":{"footnotes":""},"class_list":["post-421","page","type-page","status-publish","hentry"],"_links":{"self":[{"href":"http:\/\/vivianbardavid.com\/index.php?rest_route=\/wp\/v2\/pages\/421","targetHints":{"allow":["GET"]}}],"collection":[{"href":"http:\/\/vivianbardavid.com\/index.php?rest_route=\/wp\/v2\/pages"}],"about":[{"href":"http:\/\/vivianbardavid.com\/index.php?rest_route=\/wp\/v2\/types\/page"}],"author":[{"embeddable":true,"href":"http:\/\/vivianbardavid.com\/index.php?rest_route=\/wp\/v2\/users\/1"}],"replies":[{"embeddable":true,"href":"http:\/\/vivianbardavid.com\/index.php?rest_route=%2Fwp%2Fv2%2Fcomments&post=421"}],"version-history":[{"count":2,"href":"http:\/\/vivianbardavid.com\/index.php?rest_route=\/wp\/v2\/pages\/421\/revisions"}],"predecessor-version":[{"id":842,"href":"http:\/\/vivianbardavid.com\/index.php?rest_route=\/wp\/v2\/pages\/421\/revisions\/842"}],"wp:attachment":[{"href":"http:\/\/vivianbardavid.com\/index.php?rest_route=%2Fwp%2Fv2%2Fmedia&parent=421"}],"curies":[{"name":"wp","href":"https:\/\/api.w.org\/{rel}","templated":true}]}}